{"id":3789,"date":"2025-07-03T13:13:15","date_gmt":"2025-07-03T11:13:15","guid":{"rendered":"https:\/\/pachounotary.gr\/iletisim\/"},"modified":"2025-12-19T20:33:13","modified_gmt":"2025-12-19T18:33:13","slug":"iletisim","status":"publish","type":"page","link":"https:\/\/pachounotary.gr\/tr\/iletisim\/","title":{"rendered":"\u0130leti\u015fim"},"content":{"rendered":"\t\t<div data-elementor-type=\"wp-page\" data-elementor-id=\"3789\" class=\"elementor elementor-3789 elementor-1305\">\n\t\t\t\t<div class=\"elementor-element elementor-element-msaj9vps twbb_section e-flex e-con-boxed e-con e-parent\" data-id=\"msaj9vps\" data-element_type=\"container\" id=\"epikoinoniste-mazi-mas\">\n\t\t\t\t\t<div class=\"e-con-inner\">\n\t\t\t\t<div class=\"elementor-element elementor-element-lbljriw6 elementor-widget__width-initial elementor-widget-mobile__width-inherit elementor-widget-tablet__width-initial elementor-invisible elementor-widget elementor-widget-heading\" data-id=\"lbljriw6\" data-element_type=\"widget\" data-settings=\"{&quot;_animation&quot;:&quot;fadeInUp&quot;}\" data-widget_type=\"heading.default\">\n\t\t\t\t\t<h2 class=\"elementor-heading-title elementor-size-default\">Bizimle <br>\u0130leti\u015fime Ge\u00e7in <\/h2>\t\t\t\t<\/div>\n\t\t\t\t<div class=\"elementor-element elementor-element-ofyfhnwj elementor-widget__width-initial elementor-widget-mobile__width-inherit elementor-widget-tablet__width-initial elementor-invisible elementor-widget elementor-widget-text-editor\" data-id=\"ofyfhnwj\" data-element_type=\"widget\" data-settings=\"{&quot;_animation&quot;:&quot;fadeInUp&quot;}\" data-widget_type=\"text-editor.default\">\n\t\t\t\t\t\t\t\t\t<p>Randevu almak veya hizmetlerimiz hakk\u0131nda bilgi almak i\u00e7in bizimle ileti\u015fime ge\u00e7iniz.<\/p><p><strong>\ud83d\udcde <\/strong> <a href=\"tel:+302103003929\">+30 210 300 39 29<\/a><\/p><p><strong>E-POSTA:<\/strong> <a href=\"mailto:pachoucontracts@gmail.com\">pachoucontracts@gmail.com<\/a><\/p>\t\t\t\t\t\t\t\t<\/div>\n\t\t\t\t\t<\/div>\n\t\t\t\t<\/div>\n\t\t<div class=\"elementor-element elementor-element-806jeb0e twbb_section e-flex e-con-boxed e-con e-parent\" data-id=\"806jeb0e\" data-element_type=\"container\" id=\"symvolaiografeio\">\n\t\t\t\t\t<div class=\"e-con-inner\">\n\t\t\t\t<div class=\"elementor-element elementor-element-psdx5jr5 elementor-widget__width-initial elementor-widget-mobile__width-inherit elementor-widget-tablet__width-initial elementor-widget elementor-widget-google_maps\" data-id=\"psdx5jr5\" data-element_type=\"widget\" data-widget_type=\"google_maps.default\">\n\t\t\t\t\t\t\t<div class=\"elementor-custom-embed\">\n\t\t\t<iframe loading=\"lazy\"\n\t\t\t\t\tsrc=\"https:\/\/maps.google.com\/maps?q=12%20Tziraion%20Street&#038;t=m&#038;z=17&#038;output=embed&#038;iwloc=near\"\n\t\t\t\t\ttitle=\"12 Tziraion Street\"\n\t\t\t\t\taria-label=\"12 Tziraion Street\"\n\t\t\t><\/iframe>\n\t\t<\/div>\n\t\t\t\t\t\t<\/div>\n\t\t\t\t<div class=\"elementor-element elementor-element-8190f66 elementor-widget__width-initial elementor-widget-mobile__width-inherit elementor-widget-tablet__width-initial elementor-invisible elementor-widget elementor-widget-text-editor\" data-id=\"8190f66\" data-element_type=\"widget\" data-settings=\"{&quot;_animation&quot;:&quot;fadeInUp&quot;}\" data-widget_type=\"text-editor.default\">\n\t\t\t\t\t\t\t\t\t<p>Atina&#8217;n\u0131n merkezinde, &#8220;Akropolis&#8221; Metro \u0130stasyonu yak\u0131n\u0131nda, Tzireon Caddesi No.12&#8217;de bulunmaktay\u0131z.<\/p><p>Ya\u015fl\u0131lar veya hareket k\u0131s\u0131tl\u0131l\u0131\u011f\u0131 olan ki\u015filer i\u00e7in, talep \u00fczerine eve ziyaret imkan\u0131 bulunmaktad\u0131r.<\/p><p>Sayfam\u0131z\u0131 ziyaret etti\u011finiz i\u00e7in te\u015fekk\u00fcr ederiz. &#8220;Hizmetler&#8221; sayfas\u0131nda<br \/><a title=\"Hizmetlerimizde S\u0131k\u00e7a Sorulan Sorular\" href=\"https:\/\/pachounotary.gr\/tr\/hizmetler\/\"><strong>g\u00fcncellenmi\u015f bir S\u0131k\u00e7a Sorulan Sorular b\u00f6l\u00fcm\u00fc<\/strong><\/a><br \/>bulunmaktad\u0131r.<\/p><p>CHR\u0130ST\u0130NA G. PACHOU NOTER<\/p>\t\t\t\t\t\t\t\t<\/div>\n\t\t\t\t<div class=\"elementor-element elementor-element-6rgvjdho elementor-hidden-desktop elementor-hidden-tablet elementor-hidden-mobile elementor-button-align-stretch elementor-widget elementor-widget-twbb_form\" data-id=\"6rgvjdho\" data-element_type=\"widget\" data-settings=\"{&quot;step_next_label&quot;:&quot;Next&quot;,&quot;step_previous_label&quot;:&quot;Previous&quot;,&quot;button_width&quot;:&quot;100&quot;,&quot;step_type&quot;:&quot;number_text&quot;,&quot;step_icon_shape&quot;:&quot;circle&quot;}\" data-widget_type=\"twbb_form.default\">\n\t\t\t\t<div class=\"elementor-widget-container\">\n\t\t\t\t\t\t\t<form class=\"elementor-form\" method=\"post\" name=\"\u03a3\u03c4\u03bf\u03b9\u03c7\u03b5\u03af\u03b1 \u0395\u03c0\u03b9\u03ba\u03bf\u03b9\u03bd\u03c9\u03bd\u03af\u03b1\u03c2\">\n\t\t\t<input type=\"hidden\" name=\"post_id\" value=\"3789\"\/>\n\t\t\t<input type=\"hidden\" name=\"form_id\" value=\"6rgvjdho\"\/>\n\t\t\t<input type=\"hidden\" name=\"referer_title\" value=\"\" \/>\n\n\t\t\t\n\t\t\t<div class=\"elementor-form-fields-wrapper elementor-labels-above\">\n\t\t\t\t\t\t\t\t<div class=\"elementor-field-type-text elementor-field-group elementor-column elementor-field-group-name elementor-col-100 elementor-field-required elementor-mark-required\">\n\t\t\t\t\t\t\t\t\t\t\t\t<label for=\"form-field-name\" class=\"elementor-field-label\">\n\t\t\t\t\t\t\t\t\u038c\u03bd\u03bf\u03bc\u03b1\t\t\t\t\t\t\t<\/label>\n\t\t\t\t\t\t\t\t\t\t\t\t\t\t<input size=\"1\" type=\"text\" name=\"form_fields[name]\" id=\"form-field-name\" class=\"elementor-field elementor-size-sm  elementor-field-textual\" placeholder=\"Enter your name\" required=\"required\" aria-required=\"true\">\n\t\t\t\t\t\t\t\t\t\t\t<\/div>\n\t\t\t\t\t\t\t\t<div class=\"elementor-field-type-email elementor-field-group elementor-column elementor-field-group-email elementor-col-100 elementor-field-required elementor-mark-required\">\n\t\t\t\t\t\t\t\t\t\t\t\t<label for=\"form-field-email\" class=\"elementor-field-label\">\n\t\t\t\t\t\t\t\tEmail\t\t\t\t\t\t\t<\/label>\n\t\t\t\t\t\t\t\t\t\t\t\t\t\t<input size=\"1\" type=\"email\" name=\"form_fields[email]\" id=\"form-field-email\" class=\"elementor-field elementor-size-sm  elementor-field-textual\" placeholder=\"Enter your email\" required=\"required\" aria-required=\"true\">\n\t\t\t\t\t\t\t\t\t\t\t<\/div>\n\t\t\t\t\t\t\t\t<div class=\"elementor-field-type-textarea elementor-field-group elementor-column elementor-field-group-message elementor-col-100 elementor-field-required elementor-mark-required\">\n\t\t\t\t\t\t\t\t\t\t\t\t<label for=\"form-field-message\" class=\"elementor-field-label\">\n\t\t\t\t\t\t\t\t\u039c\u03ae\u03bd\u03c5\u03bc\u03b1\t\t\t\t\t\t\t<\/label>\n\t\t\t\t\t\t<textarea class=\"elementor-field-textual elementor-field  elementor-size-sm\" name=\"form_fields[message]\" id=\"form-field-message\" rows=\"4\" placeholder=\"Type your message\" required=\"required\" aria-required=\"true\"><\/textarea>\t\t\t\t<\/div>\n\t\t\t\t\t\t\t\t<div class=\"elementor-field-type-acceptance elementor-field-group elementor-column elementor-field-group-acceptance elementor-col-100 elementor-field-required elementor-mark-required\">\n\t\t\t\t\t\t\t<div class=\"elementor-field-subgroup\">\n\t\t\t<span class=\"elementor-field-option\">\n\t\t\t\t<input type=\"checkbox\" name=\"form_fields[acceptance]\" id=\"form-field-acceptance\" class=\"elementor-field elementor-size-sm  elementor-acceptance-field\" required=\"required\" aria-required=\"true\">\n\t\t\t\t<label for=\"form-field-acceptance\">\u0394\u03ad\u03c7\u03bf\u03bc\u03b1\u03b9 \u03c4\u03bf\u03c5\u03c2 \u038c\u03c1\u03bf\u03c5\u03c2<\/label>\t\t\t<\/span>\n\t\t<\/div>\n\t\t\t\t\t\t<\/div>\n\t\t\t\t\t\t\t\t<div class=\"elementor-field-group elementor-column elementor-field-type-submit elementor-col-100 e-form__buttons\">\n\t\t\t\t\t<button type=\"submit\" class=\"elementor-button\">\n\t\t\t\t\t\t<span >\n\t\t\t\t\t\t\t\t\t\t\t\t\t\t\t<span class=\" elementor-button-icon\">\n\t\t\t\t\t\t\t\t\t\t\t\t\t\t\t\t\t\t\t\t\t\t\t\t\t\t<\/span>\n\t\t\t\t\t\t\t\t\t\t\t\t\t\t\t\t\t\t\t\t\t\t<span class=\"elementor-button-text\">Submit<\/span>\n\t\t\t\t\t\t\t\t\t\t\t\t\t<\/span>\n\t\t\t\t\t<\/button>\n          <button type=\"reset\" class=\"elementor-button elementor-hidden\">\n\t\t\t\t\t\t<span >\n\t\t\t\t\t\t\t              \t\t\t\t\t\t<\/span>\n          <\/button>\n\t\t\t\t<\/div>\n            \t\t\t<\/div>\n\t\t<\/form>\n\t\t\t\t\t\t<\/div>\n\t\t\t\t<\/div>\n\t\t\t\t\t<\/div>\n\t\t\t\t<\/div>\n\t\t\t\t<\/div>\n\t\t","protected":false},"excerpt":{"rendered":"<p>Bizimle \u0130leti\u015fime Ge\u00e7in Randevu almak veya hizmetlerimiz hakk\u0131nda bilgi almak i\u00e7in bizimle ileti\u015fime ge\u00e7iniz. \ud83d\udcde +30 210 300 39 29 E-POSTA: pachoucontracts@gmail.com Atina&#8217;n\u0131n merkezinde, &#8220;Akropolis&#8221; Metro \u0130stasyonu yak\u0131n\u0131nda, Tzireon Caddesi No.12&#8217;de bulunmaktay\u0131z. Ya\u015fl\u0131lar veya hareket k\u0131s\u0131tl\u0131l\u0131\u011f\u0131 olan ki\u015filer i\u00e7in, talep \u00fczerine eve ziyaret imkan\u0131 bulunmaktad\u0131r. Sayfam\u0131z\u0131 ziyaret etti\u011finiz i\u00e7in te\u015fekk\u00fcr ederiz. &#8220;Hizmetler&#8221; sayfas\u0131ndag\u00fcncellenmi\u015f bir S\u0131k\u00e7a [&hellip;]<\/p>\n","protected":false},"author":0,"featured_media":0,"parent":0,"menu_order":0,"comment_status":"closed","ping_status":"closed","template":"","meta":{"inline_featured_image":false,"iawp_total_views":13,"two_page_speed":[],"footnotes":""},"class_list":["post-3789","page","type-page","status-publish","hentry"],"_links":{"self":[{"href":"https:\/\/pachounotary.gr\/tr\/wp-json\/wp\/v2\/pages\/3789","targetHints":{"allow":["GET"]}}],"collection":[{"href":"https:\/\/pachounotary.gr\/tr\/wp-json\/wp\/v2\/pages"}],"about":[{"href":"https:\/\/pachounotary.gr\/tr\/wp-json\/wp\/v2\/types\/page"}],"replies":[{"embeddable":true,"href":"https:\/\/pachounotary.gr\/tr\/wp-json\/wp\/v2\/comments?post=3789"}],"version-history":[{"count":0,"href":"https:\/\/pachounotary.gr\/tr\/wp-json\/wp\/v2\/pages\/3789\/revisions"}],"wp:attachment":[{"href":"https:\/\/pachounotary.gr\/tr\/wp-json\/wp\/v2\/media?parent=3789"}],"curies":[{"name":"wp","href":"https:\/\/api.w.org\/{rel}","templated":true}]}}