{"id":7554,"date":"2024-07-05T22:02:39","date_gmt":"2024-07-05T20:02:39","guid":{"rendered":"https:\/\/pachounotary.gr\/haberler\/"},"modified":"2026-01-25T01:59:32","modified_gmt":"2026-01-24T23:59:32","slug":"haberler","status":"publish","type":"page","link":"https:\/\/pachounotary.gr\/tr\/haberler\/","title":{"rendered":"Haberler"},"content":{"rendered":"\t\t<div data-elementor-type=\"wp-page\" data-elementor-id=\"7554\" class=\"elementor elementor-7554 elementor-141\">\n\t\t\t\t<div class=\"elementor-element elementor-element-a9c0c95 e-flex e-con-boxed e-con e-parent\" data-id=\"a9c0c95\" data-element_type=\"container\">\n\t\t\t\t\t<div class=\"e-con-inner\">\n\t\t\t\t<div class=\"elementor-element elementor-element-f991666 elementor-widget__width-initial elementor-widget-mobile__width-inherit elementor-widget-tablet__width-initial elementor-invisible elementor-widget elementor-widget-heading\" data-id=\"f991666\" data-element_type=\"widget\" data-settings=\"{&quot;_animation&quot;:&quot;fadeInUp&quot;}\" data-widget_type=\"heading.default\">\n\t\t\t\t\t<h2 class=\"elementor-heading-title elementor-size-default\">Makaleler<\/h2>\t\t\t\t<\/div>\n\t\t\t\t\t<\/div>\n\t\t\t\t<\/div>\n\t\t<div class=\"elementor-element elementor-element-6dce39e e-flex e-con-boxed e-con e-parent\" data-id=\"6dce39e\" data-element_type=\"container\">\n\t\t\t\t\t<div class=\"e-con-inner\">\n\t\t\t\t<div class=\"elementor-element elementor-element-6cdecc2 twbb_slider_options_changed-yes elementor-grid-4 elementor-grid-tablet-2 elementor-grid-mobile-1 elementor-posts--thumbnail-top elementor-posts--thumbnail-tablet-top elementor-posts--thumbnail-mobile-top twbb-post__badge-onimage_no twbb-posts-image-animation_zoom-in twbb-posts-image-animation-duration-fast twbb-posts--fullHeight_no twbb-post__badge-align-left elementor-widget elementor-widget-tenweb-posts\" data-id=\"6cdecc2\" data-element_type=\"widget\" data-settings=\"{&quot;classic_columns&quot;:&quot;4&quot;,&quot;classic_slides_view&quot;:&quot;no&quot;,&quot;classic_columns_tablet&quot;:&quot;2&quot;,&quot;classic_columns_mobile&quot;:&quot;1&quot;,&quot;classic_thumbnail&quot;:&quot;top&quot;,&quot;classic_thumbnail_tablet&quot;:&quot;top&quot;,&quot;classic_thumbnail_mobile&quot;:&quot;top&quot;,&quot;classic_column_gap&quot;:{&quot;unit&quot;:&quot;px&quot;,&quot;size&quot;:30,&quot;sizes&quot;:[]},&quot;classic_column_gap_tablet&quot;:{&quot;unit&quot;:&quot;px&quot;,&quot;size&quot;:&quot;&quot;,&quot;sizes&quot;:[]},&quot;classic_column_gap_mobile&quot;:{&quot;unit&quot;:&quot;px&quot;,&quot;size&quot;:&quot;&quot;,&quot;sizes&quot;:[]},&quot;classic_row_gap&quot;:{&quot;unit&quot;:&quot;px&quot;,&quot;size&quot;:35,&quot;sizes&quot;:[]},&quot;classic_row_gap_tablet&quot;:{&quot;unit&quot;:&quot;px&quot;,&quot;size&quot;:&quot;&quot;,&quot;sizes&quot;:[]},&quot;classic_row_gap_mobile&quot;:{&quot;unit&quot;:&quot;px&quot;,&quot;size&quot;:&quot;&quot;,&quot;sizes&quot;:[]}}\" data-widget_type=\"tenweb-posts.classic\">\n\t\t\t\t<div class=\"elementor-widget-container\">\n\t\t\t\t\t            <div data-skin=\"classic \" class=\"elementor-posts-container elementor-posts elementor-posts--skin-classic elementor-grid\">\n            \t\t<article class=\"elementor-post elementor-grid-item post-7520 post type-post status-publish format-standard has-post-thumbnail hentry category-aile-miras-hukuku tag-aile-hukuku tag-bosanma tag-bosanma-2026 tag-bosanma-anlasmasi tag-bosanma-belgeleri tag-bosanma-masraflari tag-bosanma-surecleri tag-cocuk-nafakasi tag-cocuklarin-iletisimi tag-cocuklarin-velayeti tag-dini-bosanma tag-ebeveynlik-sorumlulugu tag-ekspres-bosanma tag-elektronik-bosanma tag-evlilik-sona-ermesi tag-gov-gr tag-maddi-olmayan-bosanma tag-noter tag-ortak-velayet tag-rizaya-dayali-bosanma\">\n\t\t        <div class=\"twbb-image-container\">\n                        <a class=\"elementor-post__thumbnail__link\" href=\"https:\/\/pachounotary.gr\/tr\/rizali-bosanma-2026-tam-rehber\/\" tabindex=\"-1\" >\n                <div class=\"elementor-post__thumbnail\"><img decoding=\"async\" width=\"150\" height=\"150\" src=\"https:\/\/pachounotary.gr\/wp-content\/uploads\/2025\/12\/synainetiko-diazygio-gamos-150x150.webp\" class=\"attachment-thumbnail size-thumbnail wp-image-6962\" alt=\"Ah\u015fap y\u00fczeyde alyans y\u00fcz\u00fckleri\" title=\"\"><\/div>\n            <\/a>\n                    <\/div>\n\t\t\t\t<div class=\"elementor-post__text\">\n\t\t        <div class=\"twbb-post__badge-container\">\n          <a class=\"twbb-post__badge-link\" href=\"https:\/\/pachounotary.gr\/tr\/tag\/aile-hukuku\/\" alt=\"Aile Hukuku\">\n            <div class=\"elementor-post__badge\">Aile Hukuku<\/div>\n          <\/a>\n        <\/div>\n        \t\t<h3 class=\"elementor-post__title\">\n\t\t\t<a href=\"https:\/\/pachounotary.gr\/tr\/rizali-bosanma-2026-tam-rehber\/\" >\n\t\t\t\tR\u0131zal\u0131 Bo\u015fanma 2026: Tam Rehber\t\t\t<\/a>\n\t\t<\/h3>\n\t\t\t\t\t<div class=\"elementor-post__read-more-wrapper\">\n\t\t        <div class=\"elementor-post__read-more-container\">\n\t\t<a class=\"elementor-post__read-more\" href=\"https:\/\/pachounotary.gr\/tr\/rizali-bosanma-2026-tam-rehber\/\" aria-label=\"Read more about R\u0131zal\u0131 Bo\u015fanma 2026: Tam Rehber\" tabindex=\"-1\" >\n\t\t\tRead More            <svg aria-hidden=\"true\" class=\"e-font-icon-svg e-fas-angle-double-right\" viewBox=\"0 0 448 512\" xmlns=\"http:\/\/www.w3.org\/2000\/svg\"><path d=\"M224.3 273l-136 136c-9.4 9.4-24.6 9.4-33.9 0l-22.6-22.6c-9.4-9.4-9.4-24.6 0-33.9l96.4-96.4-96.4-96.4c-9.4-9.4-9.4-24.6 0-33.9L54.3 103c9.4-9.4 24.6-9.4 33.9 0l136 136c9.5 9.4 9.5 24.6.1 34zm192-34l-136-136c-9.4-9.4-24.6-9.4-33.9 0l-22.6 22.6c-9.4 9.4-9.4 24.6 0 33.9l96.4 96.4-96.4 96.4c-9.4 9.4-9.4 24.6 0 33.9l22.6 22.6c9.4 9.4 24.6 9.4 33.9 0l136-136c9.4-9.2 9.4-24.4 0-33.8z\"><\/path><\/svg>\t\t<\/a>\n        <\/div>\n\t\t\t\t\t<\/div>\n\t\t\t\t<\/div>\n\t\t\t\t<\/article>\n\t\t\t\t<article class=\"elementor-post elementor-grid-item post-5504 post type-post status-publish format-standard has-post-thumbnail hentry category-vekaletnameler-yetkilendirmeler category-plirexousia-enorkes tag-acik-yetki tag-altin-vize tag-apostil tag-bagis tag-draft tag-ebeveyn-yardimi tag-gayrimenkul-alim-ve-satisi tag-genel-vekaletname tag-gurbetciler tag-kaek tag-kdv-numarasi tag-konsolosluk tag-mavi-sertifika tag-miras tag-noter tag-oturma-izni tag-pasaport tag-pembe-siginma-karti tag-resmi-ceviri tag-taslak-vekaletname tag-tercuman tag-vekaletname tag-yurtdisinda-sakinler\">\n\t\t        <div class=\"twbb-image-container\">\n                        <a class=\"elementor-post__thumbnail__link\" href=\"https:\/\/pachounotary.gr\/tr\/yurtdisindaki-sakinler-icin-vekaletname\/\" tabindex=\"-1\" >\n                <div class=\"elementor-post__thumbnail\"><img decoding=\"async\" width=\"150\" height=\"150\" src=\"https:\/\/pachounotary.gr\/wp-content\/uploads\/2025\/12\/poa_embassy_office_lady_cropped-150x150.webp\" class=\"attachment-thumbnail size-thumbnail wp-image-5506\" alt=\"Kanada ve Yunan bayra\u011f\u0131 g\u00f6revde.\" title=\"\"><\/div>\n            <\/a>\n                    <\/div>\n\t\t\t\t<div class=\"elementor-post__text\">\n\t\t        <div class=\"twbb-post__badge-container\">\n          <a class=\"twbb-post__badge-link\" href=\"https:\/\/pachounotary.gr\/tr\/tag\/acik-yetki\/\" alt=\"A\u00e7\u0131k yetki\">\n            <div class=\"elementor-post__badge\">A\u00e7\u0131k yetki<\/div>\n          <\/a>\n        <\/div>\n        \t\t<h3 class=\"elementor-post__title\">\n\t\t\t<a href=\"https:\/\/pachounotary.gr\/tr\/yurtdisindaki-sakinler-icin-vekaletname\/\" >\n\t\t\t\tYurtd\u0131\u015f\u0131ndaki Sakinler \u0130\u00e7in Vekaletname\t\t\t<\/a>\n\t\t<\/h3>\n\t\t\t\t\t<div class=\"elementor-post__read-more-wrapper\">\n\t\t        <div class=\"elementor-post__read-more-container\">\n\t\t<a class=\"elementor-post__read-more\" href=\"https:\/\/pachounotary.gr\/tr\/yurtdisindaki-sakinler-icin-vekaletname\/\" aria-label=\"Read more about Yurtd\u0131\u015f\u0131ndaki Sakinler \u0130\u00e7in Vekaletname\" tabindex=\"-1\" >\n\t\t\tRead More            <svg aria-hidden=\"true\" class=\"e-font-icon-svg e-fas-angle-double-right\" viewBox=\"0 0 448 512\" xmlns=\"http:\/\/www.w3.org\/2000\/svg\"><path d=\"M224.3 273l-136 136c-9.4 9.4-24.6 9.4-33.9 0l-22.6-22.6c-9.4-9.4-9.4-24.6 0-33.9l96.4-96.4-96.4-96.4c-9.4-9.4-9.4-24.6 0-33.9L54.3 103c9.4-9.4 24.6-9.4 33.9 0l136 136c9.5 9.4 9.5 24.6.1 34zm192-34l-136-136c-9.4-9.4-24.6-9.4-33.9 0l-22.6 22.6c-9.4 9.4-9.4 24.6 0 33.9l96.4 96.4-96.4 96.4c-9.4 9.4-9.4 24.6 0 33.9l22.6 22.6c9.4 9.4 24.6 9.4 33.9 0l136-136c9.4-9.2 9.4-24.4 0-33.8z\"><\/path><\/svg>\t\t<\/a>\n        <\/div>\n\t\t\t\t\t<\/div>\n\t\t\t\t<\/div>\n\t\t\t\t<\/article>\n\t\t\t\t<\/div>\n\t\t\n\t\t\t\t\t\t<\/div>\n\t\t\t\t<\/div>\n\t\t\t\t\t<\/div>\n\t\t\t\t<\/div>\n\t\t\t\t<\/div>\n\t\t","protected":false},"excerpt":{"rendered":"<p>Makaleler<\/p>\n","protected":false},"author":2,"featured_media":0,"parent":0,"menu_order":0,"comment_status":"closed","ping_status":"publish","template":"","meta":{"inline_featured_image":false,"iawp_total_views":6,"two_page_speed":[],"footnotes":""},"class_list":["post-7554","page","type-page","status-publish","hentry"],"_links":{"self":[{"href":"https:\/\/pachounotary.gr\/tr\/wp-json\/wp\/v2\/pages\/7554","targetHints":{"allow":["GET"]}}],"collection":[{"href":"https:\/\/pachounotary.gr\/tr\/wp-json\/wp\/v2\/pages"}],"about":[{"href":"https:\/\/pachounotary.gr\/tr\/wp-json\/wp\/v2\/types\/page"}],"author":[{"embeddable":true,"href":"https:\/\/pachounotary.gr\/tr\/wp-json\/wp\/v2\/users\/2"}],"replies":[{"embeddable":true,"href":"https:\/\/pachounotary.gr\/tr\/wp-json\/wp\/v2\/comments?post=7554"}],"version-history":[{"count":0,"href":"https:\/\/pachounotary.gr\/tr\/wp-json\/wp\/v2\/pages\/7554\/revisions"}],"wp:attachment":[{"href":"https:\/\/pachounotary.gr\/tr\/wp-json\/wp\/v2\/media?parent=7554"}],"curies":[{"name":"wp","href":"https:\/\/api.w.org\/{rel}","templated":true}]}}